{"id":202,"date":"2020-10-31T09:01:01","date_gmt":"2020-10-31T09:01:01","guid":{"rendered":"https:\/\/www.purple-smoke.com\/?page_id=202"},"modified":"2020-11-02T12:48:27","modified_gmt":"2020-11-02T12:48:27","slug":"le-groupe","status":"publish","type":"page","link":"https:\/\/www.purple-smoke.com\/?page_id=202&lang=fr","title":{"rendered":"Le Groupe"},"content":{"rendered":"\n<div class=\"wp-block-media-text alignwide is-stacked-on-mobile\"><figure class=\"wp-block-media-text__media\"><img loading=\"lazy\" decoding=\"async\" width=\"1024\" height=\"678\" src=\"https:\/\/www.purple-smoke.com\/wp-content\/uploads\/2020\/03\/71291937_499453073945576_4712345590690742272_o-1024x678.jpg\" alt=\"The band \" class=\"wp-image-29\" srcset=\"https:\/\/www.purple-smoke.com\/wp-content\/uploads\/2020\/03\/71291937_499453073945576_4712345590690742272_o-1024x678.jpg 1024w, https:\/\/www.purple-smoke.com\/wp-content\/uploads\/2020\/03\/71291937_499453073945576_4712345590690742272_o-300x199.jpg 300w, https:\/\/www.purple-smoke.com\/wp-content\/uploads\/2020\/03\/71291937_499453073945576_4712345590690742272_o-768x509.jpg 768w, https:\/\/www.purple-smoke.com\/wp-content\/uploads\/2020\/03\/71291937_499453073945576_4712345590690742272_o-1536x1017.jpg 1536w, https:\/\/www.purple-smoke.com\/wp-content\/uploads\/2020\/03\/71291937_499453073945576_4712345590690742272_o.jpg 2048w\" sizes=\"auto, (max-width: 1024px) 100vw, 1024px\" \/><\/figure><div class=\"wp-block-media-text__content\">\n<p>Purple Smoke c\u2019est l&#8217;histoire de cinq musiciens de talent, rencontr\u00e9s au d\u00e9tour de leurs<br>carri\u00e8res respectives, qui d\u00e9cident d&#8217;unir leur passion pour le Rock pour incarner sur sc\u00e8ne<br>un groupe l\u00e9gendaire : Deep Purple !<br>Sterpi et Oli se sont rencontr\u00e9s sur une sc\u00e8ne gr\u00e2ce \u00e0 un organisateur qui souhaitait leur<br>pr\u00e9senter l&#8217;un \u00e0 l&#8217;autre en 2017. Sterpi et Oli jouent \u00e9galement parfois en duo.<br>Eric, Nico et Sterpi se sont rencontr\u00e9s lorsque le dernier effectuait un remplacement<br>dans un cover d&#8217;AC DC en 2018.<br>Sterpi et Z&#8217;zo se sont rencontr\u00e9s en 2008. Sterpi cherchais un pianiste-clavi\u00e9riste et c\u2019est<br>son batteur de l&#8217;\u00e9poque qui les a pr\u00e9sent\u00e9s. Ensemble ils ont fait quelques concerts et<br>notamment la 1\u00e8re partie du chanteur Michel Fugain.<br>Le r\u00e9pertoire de Purple Smoke privil\u00e9gie la p\u00e9riode de 1970 \u00e0 1985 du Deep Purple<br>Mark II (Ian Gillan, Ian Paice, John Lord, Roger Glover et Ritchie Blackmore).<br>Vous allez pouvoir d\u00e9couvrir en live : un batteur \u00e0 la fougue explosive, un organiste au jeu<br>d\u00e9jant\u00e9, un bassiste au m\u00e9diator fou, un guitariste au doigt\u00e9 exceptionnel et un chanteur \u00e0<br>la voix magistrale !<\/p>\n<\/div><\/div>\n","protected":false},"excerpt":{"rendered":"<p>Purple Smoke c\u2019est l&#8217;histoire de cinq musiciens de talent, rencontr\u00e9s au d\u00e9tour de leurscarri\u00e8res respectives, qui d\u00e9cident d&#8217;unir leur passion pour le Rock pour incarner sur sc\u00e8neun groupe l\u00e9gendaire : Deep Purple !Sterpi et Oli se sont rencontr\u00e9s sur une sc\u00e8ne gr\u00e2ce \u00e0 un organisateur <span class=\"read-more\"><a class=\"more-link btn btn-transparent\" href=\"https:\/\/www.purple-smoke.com\/?page_id=202&#038;lang=fr\">Read More &#8230;<\/a><\/span><\/p>\n","protected":false},"author":2,"featured_media":29,"parent":0,"menu_order":0,"comment_status":"closed","ping_status":"closed","template":"","meta":{"_monsterinsights_skip_tracking":false,"_monsterinsights_sitenote_active":false,"_monsterinsights_sitenote_note":"","_monsterinsights_sitenote_category":0,"footnotes":""},"class_list":["post-202","page","type-page","status-publish","has-post-thumbnail","hentry"],"yoast_head":"<!-- This site is optimized with the Yoast SEO plugin v27.5 - https:\/\/yoast.com\/product\/yoast-seo-wordpress\/ -->\n<title>Le Groupe - Purple Smoke<\/title>\n<meta name=\"robots\" content=\"index, follow, max-snippet:-1, max-image-preview:large, max-video-preview:-1\" \/>\n<link rel=\"canonical\" href=\"https:\/\/www.purple-smoke.com\/?page_id=202&lang=fr\" \/>\n<meta property=\"og:locale\" content=\"en_US\" \/>\n<meta property=\"og:type\" content=\"article\" \/>\n<meta property=\"og:title\" content=\"Le Groupe - Purple Smoke\" \/>\n<meta property=\"og:description\" content=\"Purple Smoke c\u2019est l&#8217;histoire de cinq musiciens de talent, rencontr\u00e9s au d\u00e9tour de leurscarri\u00e8res respectives, qui d\u00e9cident d&#8217;unir leur passion pour le Rock pour incarner sur sc\u00e8neun groupe l\u00e9gendaire : Deep Purple !Sterpi et Oli se sont rencontr\u00e9s sur une sc\u00e8ne gr\u00e2ce \u00e0 un organisateur Read More ...\" \/>\n<meta property=\"og:url\" content=\"https:\/\/www.purple-smoke.com\/?page_id=202&amp;lang=fr\" \/>\n<meta property=\"og:site_name\" content=\"Purple Smoke\" \/>\n<meta property=\"article:modified_time\" content=\"2020-11-02T12:48:27+00:00\" \/>\n<meta property=\"og:image\" content=\"https:\/\/www.purple-smoke.com\/wp-content\/uploads\/2020\/03\/71291937_499453073945576_4712345590690742272_o.jpg\" \/>\n\t<meta property=\"og:image:width\" content=\"2048\" \/>\n\t<meta property=\"og:image:height\" content=\"1356\" \/>\n\t<meta property=\"og:image:type\" content=\"image\/jpeg\" \/>\n<meta name=\"twitter:card\" content=\"summary_large_image\" \/>\n<meta name=\"twitter:label1\" content=\"Est. reading time\" \/>\n\t<meta name=\"twitter:data1\" content=\"1 minute\" \/>\n<script type=\"application\/ld+json\" class=\"yoast-schema-graph\">{\"@context\":\"https:\\\/\\\/schema.org\",\"@graph\":[{\"@type\":\"WebPage\",\"@id\":\"https:\\\/\\\/www.purple-smoke.com\\\/?page_id=202&lang=fr\",\"url\":\"https:\\\/\\\/www.purple-smoke.com\\\/?page_id=202&lang=fr\",\"name\":\"Le Groupe - Purple Smoke\",\"isPartOf\":{\"@id\":\"https:\\\/\\\/www.purple-smoke.com\\\/#website\"},\"primaryImageOfPage\":{\"@id\":\"https:\\\/\\\/www.purple-smoke.com\\\/?page_id=202&lang=fr#primaryimage\"},\"image\":{\"@id\":\"https:\\\/\\\/www.purple-smoke.com\\\/?page_id=202&lang=fr#primaryimage\"},\"thumbnailUrl\":\"https:\\\/\\\/www.purple-smoke.com\\\/wp-content\\\/uploads\\\/2020\\\/03\\\/71291937_499453073945576_4712345590690742272_o.jpg\",\"datePublished\":\"2020-10-31T09:01:01+00:00\",\"dateModified\":\"2020-11-02T12:48:27+00:00\",\"breadcrumb\":{\"@id\":\"https:\\\/\\\/www.purple-smoke.com\\\/?page_id=202&lang=fr#breadcrumb\"},\"inLanguage\":\"en-US\",\"potentialAction\":[{\"@type\":\"ReadAction\",\"target\":[\"https:\\\/\\\/www.purple-smoke.com\\\/?page_id=202&lang=fr\"]}]},{\"@type\":\"ImageObject\",\"inLanguage\":\"en-US\",\"@id\":\"https:\\\/\\\/www.purple-smoke.com\\\/?page_id=202&lang=fr#primaryimage\",\"url\":\"https:\\\/\\\/www.purple-smoke.com\\\/wp-content\\\/uploads\\\/2020\\\/03\\\/71291937_499453073945576_4712345590690742272_o.jpg\",\"contentUrl\":\"https:\\\/\\\/www.purple-smoke.com\\\/wp-content\\\/uploads\\\/2020\\\/03\\\/71291937_499453073945576_4712345590690742272_o.jpg\",\"width\":2048,\"height\":1356,\"caption\":\"purple smoke\"},{\"@type\":\"BreadcrumbList\",\"@id\":\"https:\\\/\\\/www.purple-smoke.com\\\/?page_id=202&lang=fr#breadcrumb\",\"itemListElement\":[{\"@type\":\"ListItem\",\"position\":1,\"name\":\"Home\",\"item\":\"https:\\\/\\\/www.purple-smoke.com\\\/?lang=fr\"},{\"@type\":\"ListItem\",\"position\":2,\"name\":\"Le Groupe\"}]},{\"@type\":\"WebSite\",\"@id\":\"https:\\\/\\\/www.purple-smoke.com\\\/#website\",\"url\":\"https:\\\/\\\/www.purple-smoke.com\\\/\",\"name\":\"Purple Smoke\",\"description\":\"Tribute to Deep Purple\",\"potentialAction\":[{\"@type\":\"SearchAction\",\"target\":{\"@type\":\"EntryPoint\",\"urlTemplate\":\"https:\\\/\\\/www.purple-smoke.com\\\/?s={search_term_string}\"},\"query-input\":{\"@type\":\"PropertyValueSpecification\",\"valueRequired\":true,\"valueName\":\"search_term_string\"}}],\"inLanguage\":\"en-US\"}]}<\/script>\n<!-- \/ Yoast SEO plugin. -->","yoast_head_json":{"title":"Le Groupe - Purple Smoke","robots":{"index":"index","follow":"follow","max-snippet":"max-snippet:-1","max-image-preview":"max-image-preview:large","max-video-preview":"max-video-preview:-1"},"canonical":"https:\/\/www.purple-smoke.com\/?page_id=202&lang=fr","og_locale":"en_US","og_type":"article","og_title":"Le Groupe - Purple Smoke","og_description":"Purple Smoke c\u2019est l&#8217;histoire de cinq musiciens de talent, rencontr\u00e9s au d\u00e9tour de leurscarri\u00e8res respectives, qui d\u00e9cident d&#8217;unir leur passion pour le Rock pour incarner sur sc\u00e8neun groupe l\u00e9gendaire : Deep Purple !Sterpi et Oli se sont rencontr\u00e9s sur une sc\u00e8ne gr\u00e2ce \u00e0 un organisateur Read More ...","og_url":"https:\/\/www.purple-smoke.com\/?page_id=202&lang=fr","og_site_name":"Purple Smoke","article_modified_time":"2020-11-02T12:48:27+00:00","og_image":[{"width":2048,"height":1356,"url":"https:\/\/www.purple-smoke.com\/wp-content\/uploads\/2020\/03\/71291937_499453073945576_4712345590690742272_o.jpg","type":"image\/jpeg"}],"twitter_card":"summary_large_image","twitter_misc":{"Est. reading time":"1 minute"},"schema":{"@context":"https:\/\/schema.org","@graph":[{"@type":"WebPage","@id":"https:\/\/www.purple-smoke.com\/?page_id=202&lang=fr","url":"https:\/\/www.purple-smoke.com\/?page_id=202&lang=fr","name":"Le Groupe - Purple Smoke","isPartOf":{"@id":"https:\/\/www.purple-smoke.com\/#website"},"primaryImageOfPage":{"@id":"https:\/\/www.purple-smoke.com\/?page_id=202&lang=fr#primaryimage"},"image":{"@id":"https:\/\/www.purple-smoke.com\/?page_id=202&lang=fr#primaryimage"},"thumbnailUrl":"https:\/\/www.purple-smoke.com\/wp-content\/uploads\/2020\/03\/71291937_499453073945576_4712345590690742272_o.jpg","datePublished":"2020-10-31T09:01:01+00:00","dateModified":"2020-11-02T12:48:27+00:00","breadcrumb":{"@id":"https:\/\/www.purple-smoke.com\/?page_id=202&lang=fr#breadcrumb"},"inLanguage":"en-US","potentialAction":[{"@type":"ReadAction","target":["https:\/\/www.purple-smoke.com\/?page_id=202&lang=fr"]}]},{"@type":"ImageObject","inLanguage":"en-US","@id":"https:\/\/www.purple-smoke.com\/?page_id=202&lang=fr#primaryimage","url":"https:\/\/www.purple-smoke.com\/wp-content\/uploads\/2020\/03\/71291937_499453073945576_4712345590690742272_o.jpg","contentUrl":"https:\/\/www.purple-smoke.com\/wp-content\/uploads\/2020\/03\/71291937_499453073945576_4712345590690742272_o.jpg","width":2048,"height":1356,"caption":"purple smoke"},{"@type":"BreadcrumbList","@id":"https:\/\/www.purple-smoke.com\/?page_id=202&lang=fr#breadcrumb","itemListElement":[{"@type":"ListItem","position":1,"name":"Home","item":"https:\/\/www.purple-smoke.com\/?lang=fr"},{"@type":"ListItem","position":2,"name":"Le Groupe"}]},{"@type":"WebSite","@id":"https:\/\/www.purple-smoke.com\/#website","url":"https:\/\/www.purple-smoke.com\/","name":"Purple Smoke","description":"Tribute to Deep Purple","potentialAction":[{"@type":"SearchAction","target":{"@type":"EntryPoint","urlTemplate":"https:\/\/www.purple-smoke.com\/?s={search_term_string}"},"query-input":{"@type":"PropertyValueSpecification","valueRequired":true,"valueName":"search_term_string"}}],"inLanguage":"en-US"}]}},"_links":{"self":[{"href":"https:\/\/www.purple-smoke.com\/index.php?rest_route=\/wp\/v2\/pages\/202","targetHints":{"allow":["GET"]}}],"collection":[{"href":"https:\/\/www.purple-smoke.com\/index.php?rest_route=\/wp\/v2\/pages"}],"about":[{"href":"https:\/\/www.purple-smoke.com\/index.php?rest_route=\/wp\/v2\/types\/page"}],"author":[{"embeddable":true,"href":"https:\/\/www.purple-smoke.com\/index.php?rest_route=\/wp\/v2\/users\/2"}],"replies":[{"embeddable":true,"href":"https:\/\/www.purple-smoke.com\/index.php?rest_route=%2Fwp%2Fv2%2Fcomments&post=202"}],"version-history":[{"count":2,"href":"https:\/\/www.purple-smoke.com\/index.php?rest_route=\/wp\/v2\/pages\/202\/revisions"}],"predecessor-version":[{"id":225,"href":"https:\/\/www.purple-smoke.com\/index.php?rest_route=\/wp\/v2\/pages\/202\/revisions\/225"}],"wp:featuredmedia":[{"embeddable":true,"href":"https:\/\/www.purple-smoke.com\/index.php?rest_route=\/wp\/v2\/media\/29"}],"wp:attachment":[{"href":"https:\/\/www.purple-smoke.com\/index.php?rest_route=%2Fwp%2Fv2%2Fmedia&parent=202"}],"curies":[{"name":"wp","href":"https:\/\/api.w.org\/{rel}","templated":true}]}}