{"id":165,"date":"2020-10-22T12:03:32","date_gmt":"2020-10-22T12:03:32","guid":{"rendered":"https:\/\/www.purple-smoke.com\/?page_id=165"},"modified":"2020-11-08T08:20:27","modified_gmt":"2020-11-08T08:20:27","slug":"a-propos-de-nous","status":"publish","type":"page","link":"https:\/\/www.purple-smoke.com\/?page_id=165&lang=fr","title":{"rendered":"Nous"},"content":{"rendered":"","protected":false},"excerpt":{"rendered":"","protected":false},"author":2,"featured_media":0,"parent":0,"menu_order":0,"comment_status":"closed","ping_status":"closed","template":"","meta":{"_monsterinsights_skip_tracking":false,"_monsterinsights_sitenote_active":false,"_monsterinsights_sitenote_note":"","_monsterinsights_sitenote_category":0,"footnotes":""},"class_list":["post-165","page","type-page","status-publish","hentry"],"yoast_head":"<!-- This site is optimized with the Yoast SEO plugin v27.5 - https:\/\/yoast.com\/product\/yoast-seo-wordpress\/ -->\n<title>Nous - Purple Smoke<\/title>\n<meta name=\"description\" content=\"Purple smoke c&#039;est cinq musiciens de talent, rencontr\u00e9s au d\u00e9tour de leurs carri\u00e8res respectives, qui d\u00e9cident d&#039;unir leur passion pour le Rock pour incarner sur sc\u00e8ne un groupe l\u00e9gendaire : Deep Purple !\" \/>\n<meta name=\"robots\" content=\"index, follow, max-snippet:-1, max-image-preview:large, max-video-preview:-1\" \/>\n<link rel=\"canonical\" href=\"https:\/\/www.purple-smoke.com\/?page_id=165&lang=fr\" \/>\n<meta property=\"og:locale\" content=\"en_US\" \/>\n<meta property=\"og:type\" content=\"article\" \/>\n<meta property=\"og:title\" content=\"Nous - Purple Smoke\" \/>\n<meta property=\"og:description\" content=\"Purple smoke c&#039;est cinq musiciens de talent, rencontr\u00e9s au d\u00e9tour de leurs carri\u00e8res respectives, qui d\u00e9cident d&#039;unir leur passion pour le Rock pour incarner sur sc\u00e8ne un groupe l\u00e9gendaire : Deep Purple !\" \/>\n<meta property=\"og:url\" content=\"https:\/\/www.purple-smoke.com\/?page_id=165&amp;lang=fr\" \/>\n<meta property=\"og:site_name\" content=\"Purple Smoke\" \/>\n<meta property=\"article:modified_time\" content=\"2020-11-08T08:20:27+00:00\" \/>\n<meta name=\"twitter:card\" content=\"summary_large_image\" \/>\n<script type=\"application\/ld+json\" class=\"yoast-schema-graph\">{\"@context\":\"https:\\\/\\\/schema.org\",\"@graph\":[{\"@type\":\"WebPage\",\"@id\":\"https:\\\/\\\/www.purple-smoke.com\\\/?page_id=165&lang=fr\",\"url\":\"https:\\\/\\\/www.purple-smoke.com\\\/?page_id=165&lang=fr\",\"name\":\"Nous - Purple Smoke\",\"isPartOf\":{\"@id\":\"https:\\\/\\\/www.purple-smoke.com\\\/#website\"},\"datePublished\":\"2020-10-22T12:03:32+00:00\",\"dateModified\":\"2020-11-08T08:20:27+00:00\",\"description\":\"Purple smoke c'est cinq musiciens de talent, rencontr\u00e9s au d\u00e9tour de leurs carri\u00e8res respectives, qui d\u00e9cident d'unir leur passion pour le Rock pour incarner sur sc\u00e8ne un groupe l\u00e9gendaire : Deep Purple !\",\"breadcrumb\":{\"@id\":\"https:\\\/\\\/www.purple-smoke.com\\\/?page_id=165&lang=fr#breadcrumb\"},\"inLanguage\":\"en-US\",\"potentialAction\":[{\"@type\":\"ReadAction\",\"target\":[\"https:\\\/\\\/www.purple-smoke.com\\\/?page_id=165&lang=fr\"]}]},{\"@type\":\"BreadcrumbList\",\"@id\":\"https:\\\/\\\/www.purple-smoke.com\\\/?page_id=165&lang=fr#breadcrumb\",\"itemListElement\":[{\"@type\":\"ListItem\",\"position\":1,\"name\":\"Home\",\"item\":\"https:\\\/\\\/www.purple-smoke.com\\\/?lang=fr\"},{\"@type\":\"ListItem\",\"position\":2,\"name\":\"Nous\"}]},{\"@type\":\"WebSite\",\"@id\":\"https:\\\/\\\/www.purple-smoke.com\\\/#website\",\"url\":\"https:\\\/\\\/www.purple-smoke.com\\\/\",\"name\":\"Purple Smoke\",\"description\":\"Tribute to Deep Purple\",\"potentialAction\":[{\"@type\":\"SearchAction\",\"target\":{\"@type\":\"EntryPoint\",\"urlTemplate\":\"https:\\\/\\\/www.purple-smoke.com\\\/?s={search_term_string}\"},\"query-input\":{\"@type\":\"PropertyValueSpecification\",\"valueRequired\":true,\"valueName\":\"search_term_string\"}}],\"inLanguage\":\"en-US\"}]}<\/script>\n<!-- \/ Yoast SEO plugin. -->","yoast_head_json":{"title":"Nous - Purple Smoke","description":"Purple smoke c'est cinq musiciens de talent, rencontr\u00e9s au d\u00e9tour de leurs carri\u00e8res respectives, qui d\u00e9cident d'unir leur passion pour le Rock pour incarner sur sc\u00e8ne un groupe l\u00e9gendaire : Deep Purple !","robots":{"index":"index","follow":"follow","max-snippet":"max-snippet:-1","max-image-preview":"max-image-preview:large","max-video-preview":"max-video-preview:-1"},"canonical":"https:\/\/www.purple-smoke.com\/?page_id=165&lang=fr","og_locale":"en_US","og_type":"article","og_title":"Nous - Purple Smoke","og_description":"Purple smoke c'est cinq musiciens de talent, rencontr\u00e9s au d\u00e9tour de leurs carri\u00e8res respectives, qui d\u00e9cident d'unir leur passion pour le Rock pour incarner sur sc\u00e8ne un groupe l\u00e9gendaire : Deep Purple !","og_url":"https:\/\/www.purple-smoke.com\/?page_id=165&lang=fr","og_site_name":"Purple Smoke","article_modified_time":"2020-11-08T08:20:27+00:00","twitter_card":"summary_large_image","schema":{"@context":"https:\/\/schema.org","@graph":[{"@type":"WebPage","@id":"https:\/\/www.purple-smoke.com\/?page_id=165&lang=fr","url":"https:\/\/www.purple-smoke.com\/?page_id=165&lang=fr","name":"Nous - Purple Smoke","isPartOf":{"@id":"https:\/\/www.purple-smoke.com\/#website"},"datePublished":"2020-10-22T12:03:32+00:00","dateModified":"2020-11-08T08:20:27+00:00","description":"Purple smoke c'est cinq musiciens de talent, rencontr\u00e9s au d\u00e9tour de leurs carri\u00e8res respectives, qui d\u00e9cident d'unir leur passion pour le Rock pour incarner sur sc\u00e8ne un groupe l\u00e9gendaire : Deep Purple !","breadcrumb":{"@id":"https:\/\/www.purple-smoke.com\/?page_id=165&lang=fr#breadcrumb"},"inLanguage":"en-US","potentialAction":[{"@type":"ReadAction","target":["https:\/\/www.purple-smoke.com\/?page_id=165&lang=fr"]}]},{"@type":"BreadcrumbList","@id":"https:\/\/www.purple-smoke.com\/?page_id=165&lang=fr#breadcrumb","itemListElement":[{"@type":"ListItem","position":1,"name":"Home","item":"https:\/\/www.purple-smoke.com\/?lang=fr"},{"@type":"ListItem","position":2,"name":"Nous"}]},{"@type":"WebSite","@id":"https:\/\/www.purple-smoke.com\/#website","url":"https:\/\/www.purple-smoke.com\/","name":"Purple Smoke","description":"Tribute to Deep Purple","potentialAction":[{"@type":"SearchAction","target":{"@type":"EntryPoint","urlTemplate":"https:\/\/www.purple-smoke.com\/?s={search_term_string}"},"query-input":{"@type":"PropertyValueSpecification","valueRequired":true,"valueName":"search_term_string"}}],"inLanguage":"en-US"}]}},"_links":{"self":[{"href":"https:\/\/www.purple-smoke.com\/index.php?rest_route=\/wp\/v2\/pages\/165","targetHints":{"allow":["GET"]}}],"collection":[{"href":"https:\/\/www.purple-smoke.com\/index.php?rest_route=\/wp\/v2\/pages"}],"about":[{"href":"https:\/\/www.purple-smoke.com\/index.php?rest_route=\/wp\/v2\/types\/page"}],"author":[{"embeddable":true,"href":"https:\/\/www.purple-smoke.com\/index.php?rest_route=\/wp\/v2\/users\/2"}],"replies":[{"embeddable":true,"href":"https:\/\/www.purple-smoke.com\/index.php?rest_route=%2Fwp%2Fv2%2Fcomments&post=165"}],"version-history":[{"count":2,"href":"https:\/\/www.purple-smoke.com\/index.php?rest_route=\/wp\/v2\/pages\/165\/revisions"}],"predecessor-version":[{"id":244,"href":"https:\/\/www.purple-smoke.com\/index.php?rest_route=\/wp\/v2\/pages\/165\/revisions\/244"}],"wp:attachment":[{"href":"https:\/\/www.purple-smoke.com\/index.php?rest_route=%2Fwp%2Fv2%2Fmedia&parent=165"}],"curies":[{"name":"wp","href":"https:\/\/api.w.org\/{rel}","templated":true}]}}